{"id":5467,"date":"2018-06-06T07:12:33","date_gmt":"2018-06-06T07:12:33","guid":{"rendered":"https:\/\/santamargarita.dinan.es\/condiciones-legales\/"},"modified":"2018-06-06T07:21:21","modified_gmt":"2018-06-06T07:21:21","slug":"condiciones-legales","status":"publish","type":"page","link":"https:\/\/santamargaritaspain.com\/en\/condiciones-legales\/","title":{"rendered":"Condiciones legales"},"content":{"rendered":"<div class=\"page-header\">\n<h2>INFORMACI\u00d3N GENERAL.<\/h2>\n<\/div>\n<div>\n<p>En cumplimiento del art\u00edculo 10 de la Ley 34\/2002, de 11 de julio, de Servicios de la Sociedad de la Informaci\u00f3n y de Comercio Electr\u00f3nico (LSSICE)<\/p>\n<p><strong>Nombre comercial:<\/strong>\u00a0Santa Margarita Spain<br \/>\n<strong>Nombre fiscal<\/strong>: &#8212;<br \/>\n<strong>Direcci\u00f3n:<\/strong> Avda. 20 de Abril C.C. Bulevar, local 27-28<br \/>\n<strong>C.P.<\/strong>: 11300<br \/>\n<strong>Localidad:<\/strong>\u00a0La Linea de la Concepci\u00f3n\u00a0(C\u00e1diz)<br \/>\n<strong>CIF:<\/strong>\u00a0&#8212;<br \/>\n<strong>Registro mercantil:\u00a0<\/strong>&#8212;<strong><br \/>\nTel\u00e9fono de contacto:\u00a0<\/strong>956176265<strong><br \/>\ne-mail:\u00a0<span id=\"cloakafb58da4d3f9e4c2dc3544f3e926e2e8\"><a href=\"mailto:info@santamargaritaspain.com\">info@santamargaritaspain.com<\/a><\/span>\u00a0<\/strong><\/p>\n<h3>PROTECCI\u00d3N DE DATOS PERSONALES.<\/h3>\n<p>La presente Pol\u00edtica de Privacidad ha sido desarrollada teniendo en cuenta lo dispuesto por la Ley Org\u00e1nica 15\/1999, de 13 de diciembre, de Protecci\u00f3n de Datos de car\u00e1cter personal y las Recomendaciones n\u00fam. 2\/2001, de 17 de mayo, y 1\/1999, de 23 de febrero, emitidas por el Grupo Europeo del Art\u00edculo 29 de conformidad con la Directiva 95\/46\/CE del Parlamento Europeo y del Consejo de 24 de octubre.<\/p>\n<p>A trav\u00e9s de este sitio web no se recoge, ni se cede a terceros, ning\u00fan dato personal sin el previo conocimiento efectivo de los usuarios.<\/p>\n<h3>DATOS SUMINISTRADOS VOLUNTARIAMENTE POR EL USUARIO.<\/h3>\n<p>Los datos de car\u00e1cter personal que se soliciten, en su caso, a los usuarios, consistir\u00e1n \u00fanicamente en aquellos estrictamente imprescindibles para identificarlos y prestarles el servicio solicitado. Dicha informaci\u00f3n ser\u00e1 tratada con la exclusiva finalidad de proporcionarles una respuesta efectiva y cumplir con las finalidades correspondientes, especificadas junto a la opci\u00f3n o servicio que el usuario solicite.<br \/>\nEl usuario ser\u00e1 informado, con car\u00e1cter previo a la recogida de los datos, de los extremos regulados en esta pol\u00edtica a fin de que pueda prestar el consentimiento expreso, preciso e inequ\u00edvoco para el tratamiento de sus datos, conforme a las finalidades determinadas, expl\u00edcitas y leg\u00edtimas, indicadas en cada caso.<br \/>\nLos datos de car\u00e1cter personal que se faciliten por el usuario a trav\u00e9s del correspondiente formulario web, o por correo electr\u00f3nico, se incorporar\u00e1n en un fichero debidamente inscrito en el Registro p\u00fablico de la Autoridad de Control competente, cuya responsabilidad corresponde a SANTA MARGARITA SPAIN.<\/p>\n<h3>DATOS DE NAVEGACI\u00d3N.<\/h3>\n<p>El sistema de navegaci\u00f3n y el software necesarios para el funcionamiento de este sitio web recogen algunos datos de car\u00e1cter personal, cuya transmisi\u00f3n se halla impl\u00edcita en el uso de los protocolos de comunicaci\u00f3n de Internet.<br \/>\nDicha informaci\u00f3n no se obtiene para ser asociada a usuarios identificados, pero por su propia naturaleza podr\u00eda, a trav\u00e9s de su asociaci\u00f3n con datos de terceros, permitir la identificaci\u00f3n de los mismos. En esta categor\u00eda de datos se encuentran, la direcci\u00f3n IP o el nombre de dominio del ordenador utilizado por el usuario para conectarse al sitio web, la direcci\u00f3n URL del recurso solicitado, la hora, y otros par\u00e1metros relativos al sistema operativo del entorno inform\u00e1tico del usuario.<br \/>\nEstos datos se utilizan con la exclusiva finalidad de obtener informaci\u00f3n estad\u00edstica an\u00f3nima sobre el uso del sitio web o controlar el correcto funcionamiento t\u00e9cnico del sitio web y se cancelan inmediatamente despu\u00e9s de su verificaci\u00f3n, sin perjuicio de las obligaciones establecidas por la Ley 34\/2002, de 11 de julio, de Servicios de Sociedad de la Informaci\u00f3n y Comercio Electr\u00f3nico.<\/p>\n<h3>COOKIES1 O WEB BUG<\/h3>\n<p>En ning\u00fan caso se utilizan cookies o web bugs para recabar datos personales identificativos del usuario. El uso de cookies o web bugs se reserva exclusivamente para facilitar al usuario accesibilidad al sitio web (preferencias y pautas de navegaci\u00f3n del usuario).<br \/>\nEl uso de cookies de sesi\u00f3n (que no son memorizadas de forma permanente en el ordenador del usuario y desaparecen cerrando el navegador), en su caso, \u00fanicamente se limitar\u00e1 a recoger informaci\u00f3n t\u00e9cnica para identificar la sesi\u00f3n con la finalidad de facilitar la exploraci\u00f3n segura y eficiente del sitio web.<br \/>\nSi no desea permitir el uso de los elementos indicados, configure su navegador para que rechace las cookies y\/o elimine las existentes, y deshabilite el c\u00f3digo Java Script del navegador en la configuraci\u00f3n de seguridad.<\/p>\n<h3>DERECHOS DE ACCESO, RECTIFICACI\u00d3N, CANCELACI\u00d3N Y OPOSICI\u00d3N.<\/h3>\n<p>Los interesados podr\u00e1n ejercitar los derechos de acceso, rectificaci\u00f3n, cancelaci\u00f3n y oposici\u00f3n, regulados en los art\u00edculos 15 y siguientes de la Ley Org\u00e1nica 15\/1999, de 13 de diciembre, de Protecci\u00f3n de Datos de car\u00e1cter personal, o bien revocar el consentimiento prestado para el tratamiento de sus datos, dirigi\u00e9ndose a SANTA MARGARITA SPAIN, mediante escrito, acompa\u00f1ado de copia del documento oficial que acredite su identidad, remitido a la siguiente direcci\u00f3n: Avda. 20 de Abril C.C. Bulevar, local 27-28 11300 La L\u00ednea de la Concepci\u00f3n (C\u00e1diz); o bien, remitiendo un correo electr\u00f3nico a\u00a0<span id=\"cloak94154062d1241e3b887993034810cd75\"><a href=\"mailto:INFO@SANTAMARGARITASPAIN.COM\">INFO@SANTAMARGARITASPAIN.COM<\/a><\/span>, indicando en la l\u00ednea de Asunto el derecho que desea ejercitar.<\/p>\n<h3>ENLACES<\/h3>\n<p>Esta pol\u00edtica de privacidad solo es de aplicaci\u00f3n a la p\u00e1gina web de SANTA MARGARITA SPAIN, no se garantiza en los accesos a trav\u00e9s de enlaces con este sitio, ni a los enlaces desde este sitio con otras webs.<\/p>\n<h3>SEGURIDAD<\/h3>\n<p>Las medidas de seguridad adoptadas por SANTA MARGARITA SPAIN son las adecuadas al nivel de seguridad exigible a los datos que el usuario le facilita, de conformidad con lo previsto en el art\u00edculo 9 de la Ley Org\u00e1nica 15\/1999, de 13 de diciembre, de Protecci\u00f3n de Datos de car\u00e1cter personal y su Reglamento de desarrollo, aprobado por el Real Decreto 1720\/2007, de 21 de diciembre.<\/p>\n<p>1 En caso que se utilicen cookies con otros fines distintos de los indicados, deber\u00e1 modificarse esta cl\u00e1usula de la Pol\u00edtica en orden a indicar los datos recabados y la finalidad de su tratamiento.<\/p>\n<\/div>\n","protected":false},"excerpt":{"rendered":"<p>INFORMACI\u00d3N GENERAL. En cumplimiento del art\u00edculo 10 de la Ley 34\/2002, de 11 de julio, de Servicios de la Sociedad de la Informaci\u00f3n y de Comercio Electr\u00f3nico (LSSICE) Nombre comercial:\u00a0Santa Margarita Spain Nombre fiscal: &#8212; Direcci\u00f3n: Avda. 20 de Abril C.C. Bulevar, local 27-28 C.P.: 11300 Localidad:\u00a0La Linea de la Concepci\u00f3n\u00a0(C\u00e1diz) CIF:\u00a0&#8212; Registro mercantil:\u00a0&#8212; Tel\u00e9fono&#8230;<\/p>\n","protected":false},"author":1,"featured_media":0,"parent":0,"menu_order":0,"comment_status":"closed","ping_status":"closed","template":"templates\/full-width.php","meta":{"footnotes":""},"_links":{"self":[{"href":"https:\/\/santamargaritaspain.com\/en\/wp-json\/wp\/v2\/pages\/5467"}],"collection":[{"href":"https:\/\/santamargaritaspain.com\/en\/wp-json\/wp\/v2\/pages"}],"about":[{"href":"https:\/\/santamargaritaspain.com\/en\/wp-json\/wp\/v2\/types\/page"}],"author":[{"embeddable":true,"href":"https:\/\/santamargaritaspain.com\/en\/wp-json\/wp\/v2\/users\/1"}],"replies":[{"embeddable":true,"href":"https:\/\/santamargaritaspain.com\/en\/wp-json\/wp\/v2\/comments?post=5467"}],"version-history":[{"count":1,"href":"https:\/\/santamargaritaspain.com\/en\/wp-json\/wp\/v2\/pages\/5467\/revisions"}],"predecessor-version":[{"id":5471,"href":"https:\/\/santamargaritaspain.com\/en\/wp-json\/wp\/v2\/pages\/5467\/revisions\/5471"}],"wp:attachment":[{"href":"https:\/\/santamargaritaspain.com\/en\/wp-json\/wp\/v2\/media?parent=5467"}],"curies":[{"name":"wp","href":"https:\/\/api.w.org\/{rel}","templated":true}]}}